{"id":534,"date":"2021-04-30T15:49:57","date_gmt":"2021-04-30T19:49:57","guid":{"rendered":"https:\/\/ceedia.org\/?page_id=534"},"modified":"2021-05-18T10:04:07","modified_gmt":"2021-05-18T14:04:07","slug":"european-commission-ethical-guidelines-on-trusted-artificial-intelligence","status":"publish","type":"page","link":"https:\/\/www.ceedia.org\/en\/european-commission-ethical-guidelines-on-trusted-artificial-intelligence\/","title":{"rendered":"EUROPEAN COMMISSION Ethical Guidelines on Trusted Artificial Intelligence"},"content":{"rendered":"\t\t<div data-elementor-type=\"wp-page\" data-elementor-id=\"534\" class=\"elementor elementor-534\" data-elementor-settings=\"[]\">\n\t\t\t\t\t\t\t<div class=\"elementor-section-wrap\">\n\t\t\t\t\t\t\t<section class=\"has_ma_el_slider elementor-section elementor-inner-section elementor-element elementor-element-608f52b0 elementor-section-full_width elementor-section-height-default elementor-section-height-default\" data-id=\"608f52b0\" data-element_type=\"section\">\n\t\t\t\t\t\t<div class=\"elementor-container elementor-column-gap-default\">\n\t\t\t\t\t<div class=\"has_ma_el_slider elementor-column elementor-col-100 elementor-inner-column elementor-element elementor-element-8d71472\" data-id=\"8d71472\" data-element_type=\"column\">\n\t\t\t<div class=\"elementor-widget-wrap elementor-element-populated\">\n\t\t\t\t\t\t\t\t<div class=\"elementor-element elementor-element-2a75008a elementor-widget elementor-widget-heading\" data-id=\"2a75008a\" data-element_type=\"widget\" data-widget_type=\"heading.default\">\n\t\t\t\t<div class=\"elementor-widget-container\">\n\t\t\t<h2 class=\"elementor-heading-title elementor-size-default\">COMISI\u00d3N EUROPEA Directrices Eticas Sobre una Inteligencia Artificial Confiable<\/h2>\t\t<\/div>\n\t\t\t\t<\/div>\n\t\t\t\t<div class=\"elementor-element elementor-element-5ab2156e elementor-widget-divider--view-line elementor-widget elementor-widget-divider\" data-id=\"5ab2156e\" data-element_type=\"widget\" data-widget_type=\"divider.default\">\n\t\t\t\t<div class=\"elementor-widget-container\">\n\t\t\t\t\t<div class=\"elementor-divider\">\n\t\t\t<span class=\"elementor-divider-separator\">\n\t\t\t\t\t\t<\/span>\n\t\t<\/div>\n\t\t\t\t<\/div>\n\t\t\t\t<\/div>\n\t\t\t\t<div class=\"elementor-element elementor-element-4cc760f elementor-widget elementor-widget-text-editor\" data-id=\"4cc760f\" data-element_type=\"widget\" data-widget_type=\"text-editor.default\">\n\t\t\t\t<div class=\"elementor-widget-container\">\n\t\t\t\t\t<div class=\"elementor-text-editor elementor-clearfix\"><p><strong>DERECHO DE LA INTELIGENCIA ARTIFICIAL<\/strong> tambi\u00e9n gu\u00eda su accionar por las DIRECTRICES \u00c9TICAS para una IA FIABLE, elaboradas por el Grupo de expertos de alto nivel sobre inteligencia artificial constituido por la Comisi\u00f3n Europea en junio de 2018, que fuera publicada en abril de 2019.<\/p><\/div>\n\t\t\t\t<\/div>\n\t\t\t\t<\/div>\n\t\t\t\t\t<\/div>\n\t\t<\/div>\n\t\t\t\t\t\t\t<\/div>\n\t\t<\/section>\n\t\t\t\t<section class=\"has_ma_el_slider elementor-section elementor-top-section elementor-element elementor-element-e8c0e04 elementor-section-full_width elementor-section-height-default elementor-section-height-default\" data-id=\"e8c0e04\" data-element_type=\"section\">\n\t\t\t\t\t\t<div class=\"elementor-container elementor-column-gap-default\">\n\t\t\t\t\t<div class=\"has_ma_el_slider elementor-column elementor-col-100 elementor-top-column elementor-element elementor-element-9d70ec8\" data-id=\"9d70ec8\" data-element_type=\"column\">\n\t\t\t<div class=\"elementor-widget-wrap elementor-element-populated\">\n\t\t\t\t\t\t\t\t<section class=\"has_ma_el_slider elementor-section elementor-inner-section elementor-element elementor-element-f33bc60 elementor-section-full_width elementor-section-height-default elementor-section-height-default\" data-id=\"f33bc60\" data-element_type=\"section\">\n\t\t\t\t\t\t<div class=\"elementor-container elementor-column-gap-no\">\n\t\t\t\t\t<div class=\"has_ma_el_slider elementor-column elementor-col-100 elementor-inner-column elementor-element elementor-element-4b69355\" data-id=\"4b69355\" data-element_type=\"column\">\n\t\t\t<div class=\"elementor-widget-wrap elementor-element-populated\">\n\t\t\t\t\t\t\t\t<div class=\"elementor-element elementor-element-a90bcf4 elementor-widget elementor-widget-image\" data-id=\"a90bcf4\" data-element_type=\"widget\" data-widget_type=\"image.default\">\n\t\t\t\t<div class=\"elementor-widget-container\">\n\t\t\t\t\t<div class=\"elementor-image\">\n\t\t\t\t\t\t\t\t\t\t<img decoding=\"async\" src=\"https:\/\/www.ceedia.org\/en\/wp-content\/uploads\/2021\/04\/marco-para-una-inteligencia-artificial-confiable.jpg\" title=\"marco-para-una-inteligencia-artificial-confiable\" alt=\"marco-para-una-inteligencia-artificial-confiable\" \/>\t\t\t\t\t\t\t\t\t\t\t<\/div>\n\t\t\t\t<\/div>\n\t\t\t\t<\/div>\n\t\t\t\t\t<\/div>\n\t\t<\/div>\n\t\t\t\t\t\t\t<\/div>\n\t\t<\/section>\n\t\t\t\t\t<\/div>\n\t\t<\/div>\n\t\t\t\t\t\t\t<\/div>\n\t\t<\/section>\n\t\t\t\t\t\t<\/div>\n\t\t\t\t\t<\/div>\n\t\t","protected":false},"excerpt":{"rendered":"<p>COMISI\u00d3N EUROPEA Directrices Eticas Sobre una Inteligencia Artificial Confiable DERECHO DE LA INTELIGENCIA ARTIFICIAL tambi\u00e9n gu\u00eda su accionar por las DIRECTRICES \u00c9TICAS para una IA FIABLE, elaboradas por el Grupo de expertos de alto nivel sobre inteligencia artificial constituido por la Comisi\u00f3n Europea en junio de 2018, que fuera publicada en abril de 2019.<\/p>\n","protected":false},"author":1,"featured_media":0,"parent":0,"menu_order":0,"comment_status":"closed","ping_status":"closed","template":"","meta":{"footnotes":""},"class_list":["post-534","page","type-page","status-publish","hentry"],"_links":{"self":[{"href":"https:\/\/www.ceedia.org\/en\/wp-json\/wp\/v2\/pages\/534","targetHints":{"allow":["GET"]}}],"collection":[{"href":"https:\/\/www.ceedia.org\/en\/wp-json\/wp\/v2\/pages"}],"about":[{"href":"https:\/\/www.ceedia.org\/en\/wp-json\/wp\/v2\/types\/page"}],"author":[{"embeddable":true,"href":"https:\/\/www.ceedia.org\/en\/wp-json\/wp\/v2\/users\/1"}],"replies":[{"embeddable":true,"href":"https:\/\/www.ceedia.org\/en\/wp-json\/wp\/v2\/comments?post=534"}],"version-history":[{"count":8,"href":"https:\/\/www.ceedia.org\/en\/wp-json\/wp\/v2\/pages\/534\/revisions"}],"predecessor-version":[{"id":1135,"href":"https:\/\/www.ceedia.org\/en\/wp-json\/wp\/v2\/pages\/534\/revisions\/1135"}],"wp:attachment":[{"href":"https:\/\/www.ceedia.org\/en\/wp-json\/wp\/v2\/media?parent=534"}],"curies":[{"name":"wp","href":"https:\/\/api.w.org\/{rel}","templated":true}]}}