{"id":327,"date":"2021-04-29T22:11:58","date_gmt":"2021-04-30T02:11:58","guid":{"rendered":"https:\/\/ceedia.org\/?page_id=327"},"modified":"2021-05-18T10:13:06","modified_gmt":"2021-05-18T14:13:06","slug":"principles-for-the-responsible-manegement-of-trusted-artificial-intelligence","status":"publish","type":"page","link":"https:\/\/www.ceedia.org\/en\/principles-for-the-responsible-manegement-of-trusted-artificial-intelligence\/","title":{"rendered":"Principles for the Responsible Management of Trusted Artificial Intelligence"},"content":{"rendered":"\t\t<div data-elementor-type=\"wp-page\" data-elementor-id=\"327\" class=\"elementor elementor-327\" data-elementor-settings=\"[]\">\n\t\t\t\t\t\t\t<div class=\"elementor-section-wrap\">\n\t\t\t\t\t\t\t<section class=\"has_ma_el_slider elementor-section elementor-inner-section elementor-element elementor-element-3ec906f6 elementor-section-full_width elementor-section-height-default elementor-section-height-default\" data-id=\"3ec906f6\" data-element_type=\"section\">\n\t\t\t\t\t\t<div class=\"elementor-container elementor-column-gap-default\">\n\t\t\t\t\t<div class=\"has_ma_el_slider elementor-column elementor-col-100 elementor-inner-column elementor-element elementor-element-4d28434b\" data-id=\"4d28434b\" data-element_type=\"column\">\n\t\t\t<div class=\"elementor-widget-wrap elementor-element-populated\">\n\t\t\t\t\t\t\t\t<div class=\"elementor-element elementor-element-922c857 elementor-widget elementor-widget-heading\" data-id=\"922c857\" data-element_type=\"widget\" data-widget_type=\"heading.default\">\n\t\t\t\t<div class=\"elementor-widget-container\">\n\t\t\t<h2 class=\"elementor-heading-title elementor-size-default\">Principios para la Administraci\u00f3n Responsable de una Inteligencia Artificial Confiable<\/h2>\t\t<\/div>\n\t\t\t\t<\/div>\n\t\t\t\t<div class=\"elementor-element elementor-element-55e31183 elementor-widget-divider--view-line elementor-widget elementor-widget-divider\" data-id=\"55e31183\" data-element_type=\"widget\" data-widget_type=\"divider.default\">\n\t\t\t\t<div class=\"elementor-widget-container\">\n\t\t\t\t\t<div class=\"elementor-divider\">\n\t\t\t<span class=\"elementor-divider-separator\">\n\t\t\t\t\t\t<\/span>\n\t\t<\/div>\n\t\t\t\t<\/div>\n\t\t\t\t<\/div>\n\t\t\t\t\t<\/div>\n\t\t<\/div>\n\t\t\t\t\t\t\t<\/div>\n\t\t<\/section>\n\t\t\t\t<section class=\"has_ma_el_slider elementor-section elementor-top-section elementor-element elementor-element-eb5e456 elementor-section-full_width elementor-section-height-default elementor-section-height-default\" data-id=\"eb5e456\" data-element_type=\"section\">\n\t\t\t\t\t\t<div class=\"elementor-container elementor-column-gap-default\">\n\t\t\t\t\t<div class=\"has_ma_el_slider elementor-column elementor-col-33 elementor-top-column elementor-element elementor-element-fe5cb80\" data-id=\"fe5cb80\" data-element_type=\"column\">\n\t\t\t<div class=\"elementor-widget-wrap elementor-element-populated\">\n\t\t\t\t\t\t\t\t<div class=\"elementor-element elementor-element-9ed943f elementor-widget elementor-widget-image\" data-id=\"9ed943f\" data-element_type=\"widget\" data-widget_type=\"image.default\">\n\t\t\t\t<div class=\"elementor-widget-container\">\n\t\t\t\t\t<div class=\"elementor-image\">\n\t\t\t\t\t\t\t\t\t\t<img loading=\"lazy\" decoding=\"async\" width=\"800\" height=\"1000\" src=\"https:\/\/www.ceedia.org\/en\/wp-content\/uploads\/2021\/04\/ocde-ia-819x1024.jpg\" class=\"attachment-large size-large\" alt=\"\" srcset=\"https:\/\/www.ceedia.org\/en\/wp-content\/uploads\/2021\/04\/ocde-ia-819x1024.jpg 819w, https:\/\/www.ceedia.org\/en\/wp-content\/uploads\/2021\/04\/ocde-ia-240x300.jpg 240w, https:\/\/www.ceedia.org\/en\/wp-content\/uploads\/2021\/04\/ocde-ia-768x960.jpg 768w, https:\/\/www.ceedia.org\/en\/wp-content\/uploads\/2021\/04\/ocde-ia.jpg 1000w\" sizes=\"auto, (max-width: 800px) 100vw, 800px\" \/>\t\t\t\t\t\t\t\t\t\t\t<\/div>\n\t\t\t\t<\/div>\n\t\t\t\t<\/div>\n\t\t\t\t<div class=\"elementor-element elementor-element-1c4677d elementor-widget elementor-widget-image\" data-id=\"1c4677d\" data-element_type=\"widget\" data-widget_type=\"image.default\">\n\t\t\t\t<div class=\"elementor-widget-container\">\n\t\t\t\t\t<div class=\"elementor-image\">\n\t\t\t\t\t\t\t\t\t\t<img loading=\"lazy\" decoding=\"async\" width=\"800\" height=\"534\" src=\"https:\/\/www.ceedia.org\/en\/wp-content\/uploads\/2021\/04\/ocde-ia2.jpg\" class=\"attachment-large size-large\" alt=\"\" srcset=\"https:\/\/www.ceedia.org\/en\/wp-content\/uploads\/2021\/04\/ocde-ia2.jpg 1000w, https:\/\/www.ceedia.org\/en\/wp-content\/uploads\/2021\/04\/ocde-ia2-300x200.jpg 300w, https:\/\/www.ceedia.org\/en\/wp-content\/uploads\/2021\/04\/ocde-ia2-768x512.jpg 768w\" sizes=\"auto, (max-width: 800px) 100vw, 800px\" \/>\t\t\t\t\t\t\t\t\t\t\t<\/div>\n\t\t\t\t<\/div>\n\t\t\t\t<\/div>\n\t\t\t\t\t<\/div>\n\t\t<\/div>\n\t\t\t\t<div class=\"has_ma_el_slider elementor-column elementor-col-66 elementor-top-column elementor-element elementor-element-60e7d18\" data-id=\"60e7d18\" data-element_type=\"column\">\n\t\t\t<div class=\"elementor-widget-wrap elementor-element-populated\">\n\t\t\t\t\t\t\t\t<div class=\"elementor-element elementor-element-9882ec0 elementor-widget elementor-widget-text-editor\" data-id=\"9882ec0\" data-element_type=\"widget\" data-widget_type=\"text-editor.default\">\n\t\t\t\t<div class=\"elementor-widget-container\">\n\t\t\t\t\t<div class=\"elementor-text-editor elementor-clearfix\"><p><strong>DERECHO DE LA INTELIGENCIA ARTIFICIAL <\/strong>promueve los principios de desarrollo de la Inteligencia Artificial recomendados por el Consejo de Inteligencia Artificial de la OECD y suscritos por todos los pa\u00edses miembros de dicha organizaci\u00f3n internacional.<\/p><ol><li><strong>Crecimiento inclusivo, desarrollo sostenible y bienestar<\/strong>: Las partes interesadas deben participar de manera proactiva en la administraci\u00f3n responsable de la IA confiable en la b\u00fasqueda de resultados beneficiosos para las personas y el planeta, como aumentar las capacidades humanas y mejorar la creatividad, promover la inclusi\u00f3n de poblaciones subrepresentadas, reducir las desigualdades econ\u00f3micas, sociales, de g\u00e9nero y de otro tipo, y proteger los entornos naturales, estimulando as\u00ed el crecimiento inclusivo, el desarrollo sostenible y el bienestar.<br \/><br \/><\/li><li><strong>Valores y equidad centrados en el ser humano:<\/strong> Los sistemas de IA deben dise\u00f1arse\u00a0<strong>respetando el estado de derecho, los derechos humanos, los valores democr\u00e1ticos y la diversidad<\/strong>, durante todo el ciclo de vida del sistema. Estos incluyen libertad, dignidad, autonom\u00eda, privacidad, protecci\u00f3n de datos, no discriminaci\u00f3n e igualdad, diversidad, equidad, justicia social y derechos laborales reconocidos internacionalmente. Para ello, los actores de la IA deben implementar mecanismos y salvaguardas, como la capacidad de determinaci\u00f3n humana, que sean adecuados al contexto y acordes con el estado del arte.<br \/><br \/><\/li><li><strong>Transparencia y explicabilidad<\/strong>: Los sistemas de IA deben ser transparentes y claros, de manera que permitan a sus usuarios entender su funcionamiento y resultados. Los actores de IA deben comprometerse con la transparencia y la divulgaci\u00f3n responsable con respecto a los sistemas de IA. Para ello, deben proporcionar informaci\u00f3n significativa, adecuada al contexto y coherente con el estado de la t\u00e9cnica:<br \/><br \/><p><strong>i.<\/strong> para fomentar una comprensi\u00f3n general de los sistemas de IA,<br \/><strong>ii.<\/strong> para que las partes interesadas conozcan sus interacciones con los sistemas de IA, incluso en el lugar de trabajo,<br \/><strong>iii.<\/strong> para que los afectados por un sistema de inteligencia artificial comprendan el resultado,<br \/><strong>iv.<\/strong> para permitir que aquellos afectados negativamente por un sistema de inteligencia artificial cuestionen su resultado bas\u00e1ndose en informaci\u00f3n simple y f\u00e1cil de entender sobre los factores y la l\u00f3gica que sirvi\u00f3 de base para la predicci\u00f3n, recomendaci\u00f3n o decisi\u00f3n.<\/p><\/li><li><strong>Robustez, seguridad y protecci\u00f3n:<\/strong> Los sistemas de IA deben\u00a0funcionar de manera s\u00f3lida y seguraa lo largo de su ciclo de vida y los\u00a0riesgos potenciales deben evaluarse y gestionarse continuamente.<br \/><br \/><p><strong>a)<\/strong> Los sistemas de inteligencia artificial deben ser robustos, seguros y seguros durante todo su ciclo de vida para que, en condiciones de uso normal, uso previsible o mal uso u otras condiciones adversas, funcionen adecuadamente y no presenten riesgos de seguridad irrazonables.<\/p><p><strong>b)<\/strong> Con este fin, los actores de la IA deben garantizar la trazabilidad, incluso en relaci\u00f3n con los conjuntos de datos, los procesos y las decisiones tomadas durante el ciclo de vida del sistema de IA, para permitir el an\u00e1lisis de los resultados del sistema de IA y las respuestas a las consultas, apropiadas al contexto y coherentes con el estado. de arte.<\/p><p><strong>c)<\/strong> Los actores de la IA deben, en funci\u00f3n de sus roles, el contexto y su capacidad para actuar, aplicar un enfoque sistem\u00e1tico de gesti\u00f3n de riesgos a cada fase del ciclo de vida del sistema de IA de forma continua para abordar los riesgos relacionados con los sistemas de IA, incluida la privacidad, la tecnolog\u00eda digital. seguridad, protecci\u00f3n y prejuicio.<\/p><\/li><li><strong>Responsabilidad:<\/strong> Las\u00a0<strong>organizaciones e individuos que desarrollan, despliegan u operan sistemas de IA\u00a0<\/strong>deben ser\u00a0<strong>responsables de su correcto funcionamiento,<\/strong><strong>\u00a0<\/strong>en base a los principios anteriormente descritos.<\/li><\/ol><\/div>\n\t\t\t\t<\/div>\n\t\t\t\t<\/div>\n\t\t\t\t\t<\/div>\n\t\t<\/div>\n\t\t\t\t\t\t\t<\/div>\n\t\t<\/section>\n\t\t\t\t<section class=\"has_ma_el_slider elementor-section elementor-top-section elementor-element elementor-element-3857d97 elementor-section-full_width elementor-section-height-default elementor-section-height-default\" data-id=\"3857d97\" data-element_type=\"section\">\n\t\t\t\t\t\t<div class=\"elementor-container elementor-column-gap-default\">\n\t\t\t\t\t<div class=\"has_ma_el_slider elementor-column elementor-col-100 elementor-top-column elementor-element elementor-element-9181a3b\" data-id=\"9181a3b\" data-element_type=\"column\">\n\t\t\t<div class=\"elementor-widget-wrap\">\n\t\t\t\t\t\t\t\t\t<\/div>\n\t\t<\/div>\n\t\t\t\t\t\t\t<\/div>\n\t\t<\/section>\n\t\t\t\t\t\t<\/div>\n\t\t\t\t\t<\/div>\n\t\t","protected":false},"excerpt":{"rendered":"<p>Principios para la Administraci\u00f3n Responsable de una Inteligencia Artificial Confiable DERECHO DE LA INTELIGENCIA ARTIFICIAL promueve los principios de desarrollo de la Inteligencia Artificial recomendados por el Consejo de Inteligencia Artificial de la OECD y suscritos por todos los pa\u00edses miembros de dicha organizaci\u00f3n internacional. Crecimiento inclusivo, desarrollo sostenible y bienestar: Las partes interesadas deben [&hellip;]<\/p>\n","protected":false},"author":1,"featured_media":0,"parent":0,"menu_order":0,"comment_status":"closed","ping_status":"closed","template":"","meta":{"footnotes":""},"class_list":["post-327","page","type-page","status-publish","hentry"],"_links":{"self":[{"href":"https:\/\/www.ceedia.org\/en\/wp-json\/wp\/v2\/pages\/327","targetHints":{"allow":["GET"]}}],"collection":[{"href":"https:\/\/www.ceedia.org\/en\/wp-json\/wp\/v2\/pages"}],"about":[{"href":"https:\/\/www.ceedia.org\/en\/wp-json\/wp\/v2\/types\/page"}],"author":[{"embeddable":true,"href":"https:\/\/www.ceedia.org\/en\/wp-json\/wp\/v2\/users\/1"}],"replies":[{"embeddable":true,"href":"https:\/\/www.ceedia.org\/en\/wp-json\/wp\/v2\/comments?post=327"}],"version-history":[{"count":17,"href":"https:\/\/www.ceedia.org\/en\/wp-json\/wp\/v2\/pages\/327\/revisions"}],"predecessor-version":[{"id":1147,"href":"https:\/\/www.ceedia.org\/en\/wp-json\/wp\/v2\/pages\/327\/revisions\/1147"}],"wp:attachment":[{"href":"https:\/\/www.ceedia.org\/en\/wp-json\/wp\/v2\/media?parent=327"}],"curies":[{"name":"wp","href":"https:\/\/api.w.org\/{rel}","templated":true}]}}