{"id":314,"date":"2021-04-29T20:38:21","date_gmt":"2021-04-30T00:38:21","guid":{"rendered":"https:\/\/ceedia.org\/?page_id=314"},"modified":"2021-05-18T10:12:06","modified_gmt":"2021-05-18T14:12:06","slug":"fundamental-principles-of-artificial-intelligence-lw","status":"publish","type":"page","link":"https:\/\/www.ceedia.org\/en\/fundamental-principles-of-artificial-intelligence-lw\/","title":{"rendered":"Fundamental Principles of Artificial Intelligence Law"},"content":{"rendered":"\t\t<div data-elementor-type=\"wp-page\" data-elementor-id=\"314\" class=\"elementor elementor-314\" data-elementor-settings=\"[]\">\n\t\t\t\t\t\t\t<div class=\"elementor-section-wrap\">\n\t\t\t\t\t\t\t<section class=\"has_ma_el_slider elementor-section elementor-inner-section elementor-element elementor-element-608f52b0 elementor-section-full_width elementor-section-height-default elementor-section-height-default\" data-id=\"608f52b0\" data-element_type=\"section\">\n\t\t\t\t\t\t<div class=\"elementor-container elementor-column-gap-default\">\n\t\t\t\t\t<div class=\"has_ma_el_slider elementor-column elementor-col-100 elementor-inner-column elementor-element elementor-element-8d71472\" data-id=\"8d71472\" data-element_type=\"column\">\n\t\t\t<div class=\"elementor-widget-wrap elementor-element-populated\">\n\t\t\t\t\t\t\t\t<div class=\"elementor-element elementor-element-2a75008a elementor-widget elementor-widget-heading\" data-id=\"2a75008a\" data-element_type=\"widget\" data-widget_type=\"heading.default\">\n\t\t\t\t<div class=\"elementor-widget-container\">\n\t\t\t<h2 class=\"elementor-heading-title elementor-size-default\">Principios de derecho de la Inteligencia Artificial<\/h2>\t\t<\/div>\n\t\t\t\t<\/div>\n\t\t\t\t<div class=\"elementor-element elementor-element-5ab2156e elementor-widget-divider--view-line elementor-widget elementor-widget-divider\" data-id=\"5ab2156e\" data-element_type=\"widget\" data-widget_type=\"divider.default\">\n\t\t\t\t<div class=\"elementor-widget-container\">\n\t\t\t\t\t<div class=\"elementor-divider\">\n\t\t\t<span class=\"elementor-divider-separator\">\n\t\t\t\t\t\t<\/span>\n\t\t<\/div>\n\t\t\t\t<\/div>\n\t\t\t\t<\/div>\n\t\t\t\t<div class=\"elementor-element elementor-element-4cc760f elementor-widget elementor-widget-text-editor\" data-id=\"4cc760f\" data-element_type=\"widget\" data-widget_type=\"text-editor.default\">\n\t\t\t\t<div class=\"elementor-widget-container\">\n\t\t\t\t\t<div class=\"elementor-text-editor elementor-clearfix\"><p>La inteligencia artificial (IA) es una de las fuerzas m\u00e1s transformadoras de nuestro tiempo y est\u00e1 destinada a modificar el tejido social. Supone una gran oportunidad para contribuir a solucionar los grandes problemas de la humanidad (pobreza, desigualdad, cambio clim\u00e1tico, entre otros) para aumentar la prosperidad y sustentabilidad de la humanidad. Pero as\u00ed como la IA es capaz de generar enormes beneficios para las personas y la sociedad, tambi\u00e9n entra\u00f1a riesgos existenciales, parangonables con otras tecnolog\u00edas, como por ejemplo, la energ\u00eda nuclear.<\/p><p><span style=\"color: var( --e-global-color-text ); font-family: var( --e-global-typography-text-font-family ), Sans-serif; font-size: 1rem;\">El tema es preocupante. La potencialidad de un final apocal\u00edptico para la humanidad se resume en la categor\u00eda riesgo existencial acu\u00f1ada por el fil\u00f3sofo oxoniano de la inteligencia artificial, Nick Bostrom, quien escribe: \u201c[\u2026] un riesgo existencial es el que amenaza con causar la extinci\u00f3n de la vida inteligente de origen terrestre o con destruir de forma permanente y dr\u00e1stica sus posibilidades de desarrollarse en el futuro\u201d.<\/span><\/p><p>Los riesgos existenciales derivados del desarrollo de la IA, son m\u00e1s que especulativos y al d\u00eda hoy existe consenso a nivel mundial que su desarrollo sin controles \u00e9ticos y jur\u00eddicos pueden atentar en contra la existencia de la humanidad. En parte este consenso se funda en la circunstancia que la IA ya est\u00e1 asediando el derecho a la privacidad, a la libertad y a la igualdad. Y en perspectiva, ya se proyecta cient\u00edficamente que podr\u00eda llegar a afectar la vida humana en su totalidad.<\/p><p>En este orden cosas CEEDIA propone la existencia de <strong>LOS META PRINCIPIOS (o leyes fundamentales) DE LA INTELIGENCIA ARTIFICIAL<\/strong>. Estos meta-principios (principios de los principios, inspirados en las leyes de la rob\u00f3tica de Isaac Asimov) se infieren del Derecho Internacional de los Derechos Humanos, y tienen por objetivo proteger a los seres humanos y a la humanidad en su globalidad de los riesgos existenciales que el desarrollo de la IA supone.<\/p><\/div>\n\t\t\t\t<\/div>\n\t\t\t\t<\/div>\n\t\t\t\t\t<\/div>\n\t\t<\/div>\n\t\t\t\t\t\t\t<\/div>\n\t\t<\/section>\n\t\t\t\t<section class=\"has_ma_el_slider elementor-section elementor-top-section elementor-element elementor-element-e8c0e04 elementor-section-full_width elementor-section-height-default elementor-section-height-default\" data-id=\"e8c0e04\" data-element_type=\"section\">\n\t\t\t\t\t\t<div class=\"elementor-container elementor-column-gap-default\">\n\t\t\t\t\t<div class=\"has_ma_el_slider elementor-column elementor-col-100 elementor-top-column elementor-element elementor-element-9d70ec8\" data-id=\"9d70ec8\" data-element_type=\"column\">\n\t\t\t<div class=\"elementor-widget-wrap elementor-element-populated\">\n\t\t\t\t\t\t\t\t<section class=\"has_ma_el_slider elementor-section elementor-inner-section elementor-element elementor-element-f33bc60 elementor-section-full_width elementor-section-height-default elementor-section-height-default\" data-id=\"f33bc60\" data-element_type=\"section\">\n\t\t\t\t\t\t<div class=\"elementor-container elementor-column-gap-no\">\n\t\t\t\t\t<div class=\"has_ma_el_slider elementor-column elementor-col-50 elementor-inner-column elementor-element elementor-element-4b69355\" data-id=\"4b69355\" data-element_type=\"column\">\n\t\t\t<div class=\"elementor-widget-wrap elementor-element-populated\">\n\t\t\t\t\t\t\t\t<div class=\"elementor-element elementor-element-a90bcf4 elementor-widget elementor-widget-image\" data-id=\"a90bcf4\" data-element_type=\"widget\" data-widget_type=\"image.default\">\n\t\t\t\t<div class=\"elementor-widget-container\">\n\t\t\t\t\t<div class=\"elementor-image\">\n\t\t\t\t\t\t\t\t\t\t<img loading=\"lazy\" decoding=\"async\" width=\"717\" height=\"480\" src=\"https:\/\/www.ceedia.org\/en\/wp-content\/uploads\/2021\/04\/ceedia-ia.jpg\" class=\"attachment-large size-large\" alt=\"\" srcset=\"https:\/\/www.ceedia.org\/en\/wp-content\/uploads\/2021\/04\/ceedia-ia.jpg 717w, https:\/\/www.ceedia.org\/en\/wp-content\/uploads\/2021\/04\/ceedia-ia-300x201.jpg 300w\" sizes=\"auto, (max-width: 717px) 100vw, 717px\" \/>\t\t\t\t\t\t\t\t\t\t\t<\/div>\n\t\t\t\t<\/div>\n\t\t\t\t<\/div>\n\t\t\t\t\t<\/div>\n\t\t<\/div>\n\t\t\t\t<div class=\"has_ma_el_slider elementor-column elementor-col-50 elementor-inner-column elementor-element elementor-element-216ae62\" data-id=\"216ae62\" data-element_type=\"column\">\n\t\t\t<div class=\"elementor-widget-wrap elementor-element-populated\">\n\t\t\t\t\t\t\t\t<div class=\"elementor-element elementor-element-ced17b5 elementor-widget elementor-widget-text-editor\" data-id=\"ced17b5\" data-element_type=\"widget\" data-widget_type=\"text-editor.default\">\n\t\t\t\t<div class=\"elementor-widget-container\">\n\t\t\t\t\t<div class=\"elementor-text-editor elementor-clearfix\"><h4>Las leyes o principios fundamentales del DIA<\/h4>\n\n<p><em>1\u00aa\u00a0 Ley de la IA: un sistema de IA no deber\u00e1 hacer da\u00f1o al ser humano individual o colectivamente considerado o a la humanidad, ya sea por acci\u00f3n, omisi\u00f3n o por cualquier otro tipo de conducta posible de ejecutarse por el sistema.<\/em><\/p>\n\n<p><em>2\u00aa Ley de la IA: un sistema de IA deber\u00e1 siempre ceder el control de sus operaciones a los seres humanos o cumplir las \u00f3rdenes dadas por ellos, a excepci\u00f3n que dicha conducta condujere a una vulneraci\u00f3n de la 1\u00aa Ley.<\/em><\/p>\n\n<p><em>3\u00aa Ley de la IA: un sistema de IA debe proteger su propia existencia en la medida en que esta protecci\u00f3n no vulnere la 1\u00aa y 2\u00aa ley.<\/em><\/p><\/div>\n\t\t\t\t<\/div>\n\t\t\t\t<\/div>\n\t\t\t\t\t<\/div>\n\t\t<\/div>\n\t\t\t\t\t\t\t<\/div>\n\t\t<\/section>\n\t\t\t\t\t<\/div>\n\t\t<\/div>\n\t\t\t\t\t\t\t<\/div>\n\t\t<\/section>\n\t\t\t\t\t\t<\/div>\n\t\t\t\t\t<\/div>\n\t\t","protected":false},"excerpt":{"rendered":"<p>Principios de derecho de la Inteligencia Artificial La inteligencia artificial (IA) es una de las fuerzas m\u00e1s transformadoras de nuestro tiempo y est\u00e1 destinada a modificar el tejido social. Supone una gran oportunidad para contribuir a solucionar los grandes problemas de la humanidad (pobreza, desigualdad, cambio clim\u00e1tico, entre otros) para aumentar la prosperidad y sustentabilidad [&hellip;]<\/p>\n","protected":false},"author":1,"featured_media":0,"parent":0,"menu_order":0,"comment_status":"closed","ping_status":"closed","template":"","meta":{"footnotes":""},"class_list":["post-314","page","type-page","status-publish","hentry"],"_links":{"self":[{"href":"https:\/\/www.ceedia.org\/en\/wp-json\/wp\/v2\/pages\/314","targetHints":{"allow":["GET"]}}],"collection":[{"href":"https:\/\/www.ceedia.org\/en\/wp-json\/wp\/v2\/pages"}],"about":[{"href":"https:\/\/www.ceedia.org\/en\/wp-json\/wp\/v2\/types\/page"}],"author":[{"embeddable":true,"href":"https:\/\/www.ceedia.org\/en\/wp-json\/wp\/v2\/users\/1"}],"replies":[{"embeddable":true,"href":"https:\/\/www.ceedia.org\/en\/wp-json\/wp\/v2\/comments?post=314"}],"version-history":[{"count":14,"href":"https:\/\/www.ceedia.org\/en\/wp-json\/wp\/v2\/pages\/314\/revisions"}],"predecessor-version":[{"id":1146,"href":"https:\/\/www.ceedia.org\/en\/wp-json\/wp\/v2\/pages\/314\/revisions\/1146"}],"wp:attachment":[{"href":"https:\/\/www.ceedia.org\/en\/wp-json\/wp\/v2\/media?parent=314"}],"curies":[{"name":"wp","href":"https:\/\/api.w.org\/{rel}","templated":true}]}}