{"id":223,"date":"2021-04-27T21:43:13","date_gmt":"2021-04-28T01:43:13","guid":{"rendered":"https:\/\/ceedia.org\/?page_id=223"},"modified":"2021-05-18T10:02:02","modified_gmt":"2021-05-18T14:02:02","slug":"library-oecd","status":"publish","type":"page","link":"https:\/\/www.ceedia.org\/en\/library-oecd\/","title":{"rendered":"Library (OECD)"},"content":{"rendered":"\t\t<div data-elementor-type=\"wp-page\" data-elementor-id=\"223\" class=\"elementor elementor-223\" data-elementor-settings=\"[]\">\n\t\t\t\t\t\t\t<div class=\"elementor-section-wrap\">\n\t\t\t\t\t\t\t<section class=\"has_ma_el_slider elementor-section elementor-inner-section elementor-element elementor-element-67e2f044 elementor-section-full_width elementor-section-height-default elementor-section-height-default\" data-id=\"67e2f044\" data-element_type=\"section\">\n\t\t\t\t\t\t<div class=\"elementor-container elementor-column-gap-default\">\n\t\t\t\t\t<div class=\"has_ma_el_slider elementor-column elementor-col-100 elementor-inner-column elementor-element elementor-element-72b6e46\" data-id=\"72b6e46\" data-element_type=\"column\">\n\t\t\t<div class=\"elementor-widget-wrap elementor-element-populated\">\n\t\t\t\t\t\t\t\t<div class=\"elementor-element elementor-element-77ff992b elementor-widget elementor-widget-heading\" data-id=\"77ff992b\" data-element_type=\"widget\" data-widget_type=\"heading.default\">\n\t\t\t\t<div class=\"elementor-widget-container\">\n\t\t\t<h2 class=\"elementor-heading-title elementor-size-default\">Biblioteca (OECD)<\/h2>\t\t<\/div>\n\t\t\t\t<\/div>\n\t\t\t\t<div class=\"elementor-element elementor-element-52b2ee94 elementor-widget-divider--view-line elementor-widget elementor-widget-divider\" data-id=\"52b2ee94\" data-element_type=\"widget\" data-widget_type=\"divider.default\">\n\t\t\t\t<div class=\"elementor-widget-container\">\n\t\t\t\t\t<div class=\"elementor-divider\">\n\t\t\t<span class=\"elementor-divider-separator\">\n\t\t\t\t\t\t<\/span>\n\t\t<\/div>\n\t\t\t\t<\/div>\n\t\t\t\t<\/div>\n\t\t\t\t<div class=\"elementor-element elementor-element-4d89b2b1 elementor-widget elementor-widget-text-editor\" data-id=\"4d89b2b1\" data-element_type=\"widget\" data-widget_type=\"text-editor.default\">\n\t\t\t\t<div class=\"elementor-widget-container\">\n\t\t\t\t\t<div class=\"elementor-text-editor elementor-clearfix\"><p>Esta biblioteca contiene importantes documentos electr\u00f3nicos de libre circulaci\u00f3n, publicados por gobiernos, organismos internacionales y corporaciones privadas, sobre IA. B\u00e1sicamente se trata de documentos que proponen regulaciones \u00e9ticas y legales as\u00ed como estrategias de desarrollo de la IA.<\/p><\/div>\n\t\t\t\t<\/div>\n\t\t\t\t<\/div>\n\t\t\t\t<div class=\"elementor-element elementor-element-273f7ef8 elementor-position-left elementor-view-default elementor-vertical-align-top elementor-widget elementor-widget-icon-box\" data-id=\"273f7ef8\" data-element_type=\"widget\" data-widget_type=\"icon-box.default\">\n\t\t\t\t<div class=\"elementor-widget-container\">\n\t\t\t\t\t<div class=\"elementor-icon-box-wrapper\">\n\t\t\t\t\t\t<div class=\"elementor-icon-box-icon\">\n\t\t\t\t<a class=\"elementor-icon elementor-animation-\" href=\"http:\/\/www.ceedia.org\/en\/wp-content\/uploads\/2021\/05\/Recommendation-of-the-Council-on-Artificial-Intelligence.pdf\" target=\"_blank\">\n\t\t\t\t<i aria-hidden=\"true\" class=\"fas fa-file-download\"><\/i>\t\t\t\t<\/a>\n\t\t\t<\/div>\n\t\t\t\t\t\t<div class=\"elementor-icon-box-content\">\n\t\t\t\t<h3 class=\"elementor-icon-box-title\">\n\t\t\t\t\t<a href=\"http:\/\/www.ceedia.org\/en\/wp-content\/uploads\/2021\/05\/Recommendation-of-the-Council-on-Artificial-Intelligence.pdf\" target=\"_blank\">OECD. Recommendation of the Council on Artificial Intelligence, 2020.<\/a>\n\t\t\t\t<\/h3>\n\t\t\t\t\t\t\t<\/div>\n\t\t<\/div>\n\t\t\t\t<\/div>\n\t\t\t\t<\/div>\n\t\t\t\t<div class=\"elementor-element elementor-element-380e30a8 elementor-position-left elementor-view-default elementor-vertical-align-top elementor-widget elementor-widget-icon-box\" data-id=\"380e30a8\" data-element_type=\"widget\" data-widget_type=\"icon-box.default\">\n\t\t\t\t<div class=\"elementor-widget-container\">\n\t\t\t\t\t<div class=\"elementor-icon-box-wrapper\">\n\t\t\t\t\t\t<div class=\"elementor-icon-box-icon\">\n\t\t\t\t<a class=\"elementor-icon elementor-animation-\" href=\"http:\/\/www.ceedia.org\/en\/wp-content\/uploads\/2021\/05\/Scoping-the-OECD-AI-Principles.-Deliberations-of-the-Expert-Group-on-Artificial-Intelligence-at-the-OECD-.pdf\" target=\"_blank\">\n\t\t\t\t<i aria-hidden=\"true\" class=\"fas fa-file-download\"><\/i>\t\t\t\t<\/a>\n\t\t\t<\/div>\n\t\t\t\t\t\t<div class=\"elementor-icon-box-content\">\n\t\t\t\t<h3 class=\"elementor-icon-box-title\">\n\t\t\t\t\t<a href=\"http:\/\/www.ceedia.org\/en\/wp-content\/uploads\/2021\/05\/Scoping-the-OECD-AI-Principles.-Deliberations-of-the-Expert-Group-on-Artificial-Intelligence-at-the-OECD-.pdf\" target=\"_blank\">OECD. Scoping the OECD AI Principles. Deliberations of the Expert Group on Artificial Intelligence at the OECD (AIGO), 2019.<\/a>\n\t\t\t\t<\/h3>\n\t\t\t\t\t\t\t<\/div>\n\t\t<\/div>\n\t\t\t\t<\/div>\n\t\t\t\t<\/div>\n\t\t\t\t\t<\/div>\n\t\t<\/div>\n\t\t\t\t\t\t\t<\/div>\n\t\t<\/section>\n\t\t\t\t\t\t<\/div>\n\t\t\t\t\t<\/div>\n\t\t","protected":false},"excerpt":{"rendered":"<p>Biblioteca (OECD) Esta biblioteca contiene importantes documentos electr\u00f3nicos de libre circulaci\u00f3n, publicados por gobiernos, organismos internacionales y corporaciones privadas, sobre IA. B\u00e1sicamente se trata de documentos que proponen regulaciones \u00e9ticas y legales as\u00ed como estrategias de desarrollo de la IA. OECD. Recommendation of the Council on Artificial Intelligence, 2020. OECD. Scoping the OECD AI Principles. [&hellip;]<\/p>\n","protected":false},"author":1,"featured_media":0,"parent":0,"menu_order":0,"comment_status":"closed","ping_status":"closed","template":"","meta":{"footnotes":""},"class_list":["post-223","page","type-page","status-publish","hentry"],"_links":{"self":[{"href":"https:\/\/www.ceedia.org\/en\/wp-json\/wp\/v2\/pages\/223","targetHints":{"allow":["GET"]}}],"collection":[{"href":"https:\/\/www.ceedia.org\/en\/wp-json\/wp\/v2\/pages"}],"about":[{"href":"https:\/\/www.ceedia.org\/en\/wp-json\/wp\/v2\/types\/page"}],"author":[{"embeddable":true,"href":"https:\/\/www.ceedia.org\/en\/wp-json\/wp\/v2\/users\/1"}],"replies":[{"embeddable":true,"href":"https:\/\/www.ceedia.org\/en\/wp-json\/wp\/v2\/comments?post=223"}],"version-history":[{"count":11,"href":"https:\/\/www.ceedia.org\/en\/wp-json\/wp\/v2\/pages\/223\/revisions"}],"predecessor-version":[{"id":1132,"href":"https:\/\/www.ceedia.org\/en\/wp-json\/wp\/v2\/pages\/223\/revisions\/1132"}],"wp:attachment":[{"href":"https:\/\/www.ceedia.org\/en\/wp-json\/wp\/v2\/media?parent=223"}],"curies":[{"name":"wp","href":"https:\/\/api.w.org\/{rel}","templated":true}]}}