{"id":219,"date":"2021-04-27T21:42:24","date_gmt":"2021-04-28T01:42:24","guid":{"rendered":"https:\/\/ceedia.org\/?page_id=219"},"modified":"2021-05-18T10:01:12","modified_gmt":"2021-05-18T14:01:12","slug":"library-europe","status":"publish","type":"page","link":"https:\/\/www.ceedia.org\/en\/library-europe\/","title":{"rendered":"Library (Europe)"},"content":{"rendered":"\t\t<div data-elementor-type=\"wp-page\" data-elementor-id=\"219\" class=\"elementor elementor-219\" data-elementor-settings=\"[]\">\n\t\t\t\t\t\t\t<div class=\"elementor-section-wrap\">\n\t\t\t\t\t\t\t<section class=\"has_ma_el_slider elementor-section elementor-inner-section elementor-element elementor-element-3f4dd8f0 elementor-section-full_width elementor-section-height-default elementor-section-height-default\" data-id=\"3f4dd8f0\" data-element_type=\"section\">\n\t\t\t\t\t\t<div class=\"elementor-container elementor-column-gap-default\">\n\t\t\t\t\t<div class=\"has_ma_el_slider elementor-column elementor-col-100 elementor-inner-column elementor-element elementor-element-91ffc41\" data-id=\"91ffc41\" data-element_type=\"column\">\n\t\t\t<div class=\"elementor-widget-wrap elementor-element-populated\">\n\t\t\t\t\t\t\t\t<div class=\"elementor-element elementor-element-704b7f9b elementor-widget elementor-widget-heading\" data-id=\"704b7f9b\" data-element_type=\"widget\" data-widget_type=\"heading.default\">\n\t\t\t\t<div class=\"elementor-widget-container\">\n\t\t\t<h2 class=\"elementor-heading-title elementor-size-default\">Biblioteca (Europa)<\/h2>\t\t<\/div>\n\t\t\t\t<\/div>\n\t\t\t\t<div class=\"elementor-element elementor-element-1f175104 elementor-widget-divider--view-line elementor-widget elementor-widget-divider\" data-id=\"1f175104\" data-element_type=\"widget\" data-widget_type=\"divider.default\">\n\t\t\t\t<div class=\"elementor-widget-container\">\n\t\t\t\t\t<div class=\"elementor-divider\">\n\t\t\t<span class=\"elementor-divider-separator\">\n\t\t\t\t\t\t<\/span>\n\t\t<\/div>\n\t\t\t\t<\/div>\n\t\t\t\t<\/div>\n\t\t\t\t<div class=\"elementor-element elementor-element-4d3e0733 elementor-widget elementor-widget-text-editor\" data-id=\"4d3e0733\" data-element_type=\"widget\" data-widget_type=\"text-editor.default\">\n\t\t\t\t<div class=\"elementor-widget-container\">\n\t\t\t\t\t<div class=\"elementor-text-editor elementor-clearfix\"><p>Esta biblioteca contiene importantes documentos electr\u00f3nicos de libre circulaci\u00f3n, publicados por gobiernos, organismos internacionales y corporaciones privadas, sobre IA. B\u00e1sicamente se trata de documentos que proponen regulaciones \u00e9ticas y legales as\u00ed como estrategias de desarrollo de la IA.<\/p><\/div>\n\t\t\t\t<\/div>\n\t\t\t\t<\/div>\n\t\t\t\t<div class=\"elementor-element elementor-element-34da0ce2 elementor-position-left elementor-view-default elementor-vertical-align-top elementor-widget elementor-widget-icon-box\" data-id=\"34da0ce2\" data-element_type=\"widget\" data-widget_type=\"icon-box.default\">\n\t\t\t\t<div class=\"elementor-widget-container\">\n\t\t\t\t\t<div class=\"elementor-icon-box-wrapper\">\n\t\t\t\t\t\t<div class=\"elementor-icon-box-icon\">\n\t\t\t\t<a class=\"elementor-icon elementor-animation-\" href=\"http:\/\/www.ceedia.org\/en\/wp-content\/uploads\/2021\/05\/Libro-Blanco-IA-CELEX_52020DC0065_ES_TXT.pdf\" target=\"_blank\">\n\t\t\t\t<i aria-hidden=\"true\" class=\"fas fa-file-download\"><\/i>\t\t\t\t<\/a>\n\t\t\t<\/div>\n\t\t\t\t\t\t<div class=\"elementor-icon-box-content\">\n\t\t\t\t<h3 class=\"elementor-icon-box-title\">\n\t\t\t\t\t<a href=\"http:\/\/www.ceedia.org\/en\/wp-content\/uploads\/2021\/05\/Libro-Blanco-IA-CELEX_52020DC0065_ES_TXT.pdf\" target=\"_blank\">Comisi\u00f3n Europea. Libro Blanco sobre Inteligencia Artificial -un enfoque europeo orientado a la excelencia y la confianza, 2020.<\/a>\n\t\t\t\t<\/h3>\n\t\t\t\t\t\t\t<\/div>\n\t\t<\/div>\n\t\t\t\t<\/div>\n\t\t\t\t<\/div>\n\t\t\t\t<div class=\"elementor-element elementor-element-325c80de elementor-position-left elementor-view-default elementor-vertical-align-top elementor-widget elementor-widget-icon-box\" data-id=\"325c80de\" data-element_type=\"widget\" data-widget_type=\"icon-box.default\">\n\t\t\t\t<div class=\"elementor-widget-container\">\n\t\t\t\t\t<div class=\"elementor-icon-box-wrapper\">\n\t\t\t\t\t\t<div class=\"elementor-icon-box-icon\">\n\t\t\t\t<a class=\"elementor-icon elementor-animation-\" href=\"http:\/\/www.ceedia.org\/en\/wp-content\/uploads\/2021\/05\/Informe-de-la-Comision-al-Parlamento-Europeo-al-Consejo-y-al-Comite-Economico-y-Social-Europeo.-pdf.pdf\" target=\"_blank\">\n\t\t\t\t<i aria-hidden=\"true\" class=\"fas fa-file-download\"><\/i>\t\t\t\t<\/a>\n\t\t\t<\/div>\n\t\t\t\t\t\t<div class=\"elementor-icon-box-content\">\n\t\t\t\t<h3 class=\"elementor-icon-box-title\">\n\t\t\t\t\t<a href=\"http:\/\/www.ceedia.org\/en\/wp-content\/uploads\/2021\/05\/Informe-de-la-Comision-al-Parlamento-Europeo-al-Consejo-y-al-Comite-Economico-y-Social-Europeo.-pdf.pdf\" target=\"_blank\">Comisi\u00f3n Europea. Informe de la Comisi\u00f3n al Parlamento Europeo, al Consejo y al Comit\u00e9 Econ\u00f3mico y Social Europeo. Informe sobre las repercusiones en materia de seguridad y responsabilidad civil de la inteligencia artificial, el internet de las cosas y la rob\u00f3tica, 2020.<\/a>\n\t\t\t\t<\/h3>\n\t\t\t\t\t\t\t<\/div>\n\t\t<\/div>\n\t\t\t\t<\/div>\n\t\t\t\t<\/div>\n\t\t\t\t<div class=\"elementor-element elementor-element-643cf3df elementor-position-left elementor-view-default elementor-vertical-align-top elementor-widget elementor-widget-icon-box\" data-id=\"643cf3df\" data-element_type=\"widget\" data-widget_type=\"icon-box.default\">\n\t\t\t\t<div class=\"elementor-widget-container\">\n\t\t\t\t\t<div class=\"elementor-icon-box-wrapper\">\n\t\t\t\t\t\t<div class=\"elementor-icon-box-icon\">\n\t\t\t\t<a class=\"elementor-icon elementor-animation-\" href=\"http:\/\/www.ceedia.org\/en\/wp-content\/uploads\/2021\/05\/Ethics-guidelines-fortrustworthy-AI-ESpdf-4-2019-espanol.pdf\" target=\"_blank\">\n\t\t\t\t<i aria-hidden=\"true\" class=\"fas fa-file-download\"><\/i>\t\t\t\t<\/a>\n\t\t\t<\/div>\n\t\t\t\t\t\t<div class=\"elementor-icon-box-content\">\n\t\t\t\t<h3 class=\"elementor-icon-box-title\">\n\t\t\t\t\t<a href=\"http:\/\/www.ceedia.org\/en\/wp-content\/uploads\/2021\/05\/Ethics-guidelines-fortrustworthy-AI-ESpdf-4-2019-espanol.pdf\" target=\"_blank\">Comisi\u00f3n Europea. Grupo Independiente de Expertos de Alto Nivel Sobre Inteligencia Artificial. Creado por la Comisi\u00f3n Europea. Directrices \u00c9ticas Para Una IA Fiable, 2019.<\/a>\n\t\t\t\t<\/h3>\n\t\t\t\t\t\t\t<\/div>\n\t\t<\/div>\n\t\t\t\t<\/div>\n\t\t\t\t<\/div>\n\t\t\t\t<div class=\"elementor-element elementor-element-6d646ad8 elementor-position-left elementor-view-default elementor-vertical-align-top elementor-widget elementor-widget-icon-box\" data-id=\"6d646ad8\" data-element_type=\"widget\" data-widget_type=\"icon-box.default\">\n\t\t\t\t<div class=\"elementor-widget-container\">\n\t\t\t\t\t<div class=\"elementor-icon-box-wrapper\">\n\t\t\t\t\t\t<div class=\"elementor-icon-box-icon\">\n\t\t\t\t<a class=\"elementor-icon elementor-animation-\" href=\"http:\/\/www.ceedia.org\/en\/wp-content\/uploads\/2021\/05\/Normas-de-derecho-civil-sobre-robotica.-Resolucion-del-Parlamento-Europeo.pdf\" target=\"_blank\">\n\t\t\t\t<i aria-hidden=\"true\" class=\"fas fa-file-download\"><\/i>\t\t\t\t<\/a>\n\t\t\t<\/div>\n\t\t\t\t\t\t<div class=\"elementor-icon-box-content\">\n\t\t\t\t<h3 class=\"elementor-icon-box-title\">\n\t\t\t\t\t<a href=\"http:\/\/www.ceedia.org\/en\/wp-content\/uploads\/2021\/05\/Normas-de-derecho-civil-sobre-robotica.-Resolucion-del-Parlamento-Europeo.pdf\" target=\"_blank\">Parlamento Europeo. Normas de derecho civil sobre rob\u00f3tica. Resoluci\u00f3n del Parlamento Europeo, de 16 de febrero de 2017, con recomendacionbes sobre normas de Derecho civil rob\u00f3tica (2015\/2103\/(INL))<\/a>\n\t\t\t\t<\/h3>\n\t\t\t\t\t\t\t<\/div>\n\t\t<\/div>\n\t\t\t\t<\/div>\n\t\t\t\t<\/div>\n\t\t\t\t<div class=\"elementor-element elementor-element-60a417ab elementor-position-left elementor-view-default elementor-vertical-align-top elementor-widget elementor-widget-icon-box\" data-id=\"60a417ab\" data-element_type=\"widget\" data-widget_type=\"icon-box.default\">\n\t\t\t\t<div class=\"elementor-widget-container\">\n\t\t\t\t\t<div class=\"elementor-icon-box-wrapper\">\n\t\t\t\t\t\t<div class=\"elementor-icon-box-icon\">\n\t\t\t\t<a class=\"elementor-icon elementor-animation-\" href=\"http:\/\/www.ceedia.org\/en\/wp-content\/uploads\/2021\/05\/robolaw_d6.2_guidelinesregulatingrobotics_20140922.pdf\" target=\"_blank\">\n\t\t\t\t<i aria-hidden=\"true\" class=\"fas fa-file-download\"><\/i>\t\t\t\t<\/a>\n\t\t\t<\/div>\n\t\t\t\t\t\t<div class=\"elementor-icon-box-content\">\n\t\t\t\t<h3 class=\"elementor-icon-box-title\">\n\t\t\t\t\t<a href=\"http:\/\/www.ceedia.org\/en\/wp-content\/uploads\/2021\/05\/robolaw_d6.2_guidelinesregulatingrobotics_20140922.pdf\" target=\"_blank\">Comisi\u00f3n Europea. Robolaw. Guidelines on Regulating Robotics, 2014.<\/a>\n\t\t\t\t<\/h3>\n\t\t\t\t\t\t\t<\/div>\n\t\t<\/div>\n\t\t\t\t<\/div>\n\t\t\t\t<\/div>\n\t\t\t\t\t<\/div>\n\t\t<\/div>\n\t\t\t\t\t\t\t<\/div>\n\t\t<\/section>\n\t\t\t\t\t\t<\/div>\n\t\t\t\t\t<\/div>\n\t\t","protected":false},"excerpt":{"rendered":"<p>Biblioteca (Europa) Esta biblioteca contiene importantes documentos electr\u00f3nicos de libre circulaci\u00f3n, publicados por gobiernos, organismos internacionales y corporaciones privadas, sobre IA. B\u00e1sicamente se trata de documentos que proponen regulaciones \u00e9ticas y legales as\u00ed como estrategias de desarrollo de la IA. Comisi\u00f3n Europea. Libro Blanco sobre Inteligencia Artificial -un enfoque europeo orientado a la excelencia y [&hellip;]<\/p>\n","protected":false},"author":1,"featured_media":0,"parent":0,"menu_order":0,"comment_status":"closed","ping_status":"closed","template":"","meta":{"footnotes":""},"class_list":["post-219","page","type-page","status-publish","hentry"],"_links":{"self":[{"href":"https:\/\/www.ceedia.org\/en\/wp-json\/wp\/v2\/pages\/219","targetHints":{"allow":["GET"]}}],"collection":[{"href":"https:\/\/www.ceedia.org\/en\/wp-json\/wp\/v2\/pages"}],"about":[{"href":"https:\/\/www.ceedia.org\/en\/wp-json\/wp\/v2\/types\/page"}],"author":[{"embeddable":true,"href":"https:\/\/www.ceedia.org\/en\/wp-json\/wp\/v2\/users\/1"}],"replies":[{"embeddable":true,"href":"https:\/\/www.ceedia.org\/en\/wp-json\/wp\/v2\/comments?post=219"}],"version-history":[{"count":17,"href":"https:\/\/www.ceedia.org\/en\/wp-json\/wp\/v2\/pages\/219\/revisions"}],"predecessor-version":[{"id":1130,"href":"https:\/\/www.ceedia.org\/en\/wp-json\/wp\/v2\/pages\/219\/revisions\/1130"}],"wp:attachment":[{"href":"https:\/\/www.ceedia.org\/en\/wp-json\/wp\/v2\/media?parent=219"}],"curies":[{"name":"wp","href":"https:\/\/api.w.org\/{rel}","templated":true}]}}