{"id":177,"date":"2021-04-27T20:38:42","date_gmt":"2021-04-28T00:38:42","guid":{"rendered":"https:\/\/ceedia.org\/?page_id=177"},"modified":"2021-05-18T10:05:20","modified_gmt":"2021-05-18T14:05:20","slug":"international-jurisprudence-ai-and-digital-world-united-states","status":"publish","type":"page","link":"https:\/\/www.ceedia.org\/en\/international-jurisprudence-ai-and-digital-world-united-states\/","title":{"rendered":"International Jurisprudence AI and Digital World (United States)"},"content":{"rendered":"\t\t<div data-elementor-type=\"wp-page\" data-elementor-id=\"177\" class=\"elementor elementor-177\" data-elementor-settings=\"[]\">\n\t\t\t\t\t\t\t<div class=\"elementor-section-wrap\">\n\t\t\t\t\t\t\t<section class=\"has_ma_el_slider elementor-section elementor-top-section elementor-element elementor-element-3838fa0 elementor-section-full_width elementor-section-height-default elementor-section-height-default\" data-id=\"3838fa0\" data-element_type=\"section\">\n\t\t\t\t\t\t<div class=\"elementor-container elementor-column-gap-default\">\n\t\t\t\t\t<div class=\"has_ma_el_slider elementor-column elementor-col-100 elementor-top-column elementor-element elementor-element-45e6b24\" data-id=\"45e6b24\" data-element_type=\"column\">\n\t\t\t<div class=\"elementor-widget-wrap elementor-element-populated\">\n\t\t\t\t\t\t\t\t<section class=\"has_ma_el_slider elementor-section elementor-inner-section elementor-element elementor-element-3ab3eef elementor-section-full_width elementor-section-height-default elementor-section-height-default\" data-id=\"3ab3eef\" data-element_type=\"section\">\n\t\t\t\t\t\t<div class=\"elementor-container elementor-column-gap-default\">\n\t\t\t\t\t<div class=\"has_ma_el_slider elementor-column elementor-col-100 elementor-inner-column elementor-element elementor-element-02d7223\" data-id=\"02d7223\" data-element_type=\"column\">\n\t\t\t<div class=\"elementor-widget-wrap elementor-element-populated\">\n\t\t\t\t\t\t\t\t<div class=\"elementor-element elementor-element-0f497f2 elementor-widget elementor-widget-heading\" data-id=\"0f497f2\" data-element_type=\"widget\" data-widget_type=\"heading.default\">\n\t\t\t\t<div class=\"elementor-widget-container\">\n\t\t\t<h2 class=\"elementor-heading-title elementor-size-default\">Jurisprudencia Internacional IA y Mundo Digital (Estados Unidos)<\/h2>\t\t<\/div>\n\t\t\t\t<\/div>\n\t\t\t\t<div class=\"elementor-element elementor-element-a920671 elementor-widget-divider--view-line elementor-widget elementor-widget-divider\" data-id=\"a920671\" data-element_type=\"widget\" data-widget_type=\"divider.default\">\n\t\t\t\t<div class=\"elementor-widget-container\">\n\t\t\t\t\t<div class=\"elementor-divider\">\n\t\t\t<span class=\"elementor-divider-separator\">\n\t\t\t\t\t\t<\/span>\n\t\t<\/div>\n\t\t\t\t<\/div>\n\t\t\t\t<\/div>\n\t\t\t\t\t<\/div>\n\t\t<\/div>\n\t\t\t\t\t\t\t<\/div>\n\t\t<\/section>\n\t\t\t\t<div class=\"elementor-element elementor-element-af7a89b elementor-widget elementor-widget-text-editor\" data-id=\"af7a89b\" data-element_type=\"widget\" data-widget_type=\"text-editor.default\">\n\t\t\t\t<div class=\"elementor-widget-container\">\n\t\t\t\t\t<div class=\"elementor-text-editor elementor-clearfix\"><p>Descarga y obt\u00e9n en esta secci\u00f3n los documentos de la jurisprudencia relacionada con Estados Unidos de Am\u00e9rica.<\/p><\/div>\n\t\t\t\t<\/div>\n\t\t\t\t<\/div>\n\t\t\t\t<div class=\"elementor-element elementor-element-1ec36d9 elementor-position-left elementor-view-default elementor-vertical-align-top elementor-widget elementor-widget-icon-box\" data-id=\"1ec36d9\" data-element_type=\"widget\" data-widget_type=\"icon-box.default\">\n\t\t\t\t<div class=\"elementor-widget-container\">\n\t\t\t\t\t<div class=\"elementor-icon-box-wrapper\">\n\t\t\t\t\t\t<div class=\"elementor-icon-box-icon\">\n\t\t\t\t<a class=\"elementor-icon elementor-animation-\" href=\"https:\/\/www.supremecourt.gov\/opinions\/20pdf\/18-956_d18f.pdf\" target=\"_blank\">\n\t\t\t\t<i aria-hidden=\"true\" class=\"fas fa-file-download\"><\/i>\t\t\t\t<\/a>\n\t\t\t<\/div>\n\t\t\t\t\t\t<div class=\"elementor-icon-box-content\">\n\t\t\t\t<h3 class=\"elementor-icon-box-title\">\n\t\t\t\t\t<a href=\"https:\/\/www.supremecourt.gov\/opinions\/20pdf\/18-956_d18f.pdf\" target=\"_blank\">CORTE SUPREMA USA.<\/a>\n\t\t\t\t<\/h3>\n\t\t\t\t\t\t\t\t<p class=\"elementor-icon-box-description\">GOOGLE LLC v. ORACLE AMERICA, en un fallo dividido (6 a favor y 2 en contra), la Corte Suprema de Estados Unidos de Norteam\u00e9rica sostuvo que el uso que Google realiz\u00f3 de unas 11.500 l\u00edneas del c\u00f3digo Java de Oracle para la creaci\u00f3n de Android, fue un uso leg\u00edtimo y por ende Oracle no tiene derecho a recibir una compensaci\u00f3n.\n<\/p>\n\t\t\t\t\t\t\t<\/div>\n\t\t<\/div>\n\t\t\t\t<\/div>\n\t\t\t\t<\/div>\n\t\t\t\t<div class=\"elementor-element elementor-element-73b2a81 elementor-position-left elementor-view-default elementor-vertical-align-top elementor-widget elementor-widget-icon-box\" data-id=\"73b2a81\" data-element_type=\"widget\" data-widget_type=\"icon-box.default\">\n\t\t\t\t<div class=\"elementor-widget-container\">\n\t\t\t\t\t<div class=\"elementor-icon-box-wrapper\">\n\t\t\t\t\t\t<div class=\"elementor-icon-box-icon\">\n\t\t\t\t<a class=\"elementor-icon elementor-animation-\" href=\"https:\/\/www.supremecourt.gov\/opinions\/13pdf\/13-132_8l9c.pdf\" target=\"_blank\">\n\t\t\t\t<i aria-hidden=\"true\" class=\"fas fa-file-download\"><\/i>\t\t\t\t<\/a>\n\t\t\t<\/div>\n\t\t\t\t\t\t<div class=\"elementor-icon-box-content\">\n\t\t\t\t<h3 class=\"elementor-icon-box-title\">\n\t\t\t\t\t<a href=\"https:\/\/www.supremecourt.gov\/opinions\/13pdf\/13-132_8l9c.pdf\" target=\"_blank\">CORTE SUPREMA USA.<\/a>\n\t\t\t\t<\/h3>\n\t\t\t\t\t\t\t\t<p class=\"elementor-icon-box-description\">RILEY v. CALIFORNIA, 573 U.S. 373 (2014). La Corte Suprema de los Estados Unidos sostuvo por unanimidad que el registro y la incautaci\u00f3n sin orden judicial de los contenidos digitales de un tel\u00e9fono celular durante un arresto es inconstitucional.\n<\/p>\n\t\t\t\t\t\t\t<\/div>\n\t\t<\/div>\n\t\t\t\t<\/div>\n\t\t\t\t<\/div>\n\t\t\t\t\t<\/div>\n\t\t<\/div>\n\t\t\t\t\t\t\t<\/div>\n\t\t<\/section>\n\t\t\t\t\t\t<\/div>\n\t\t\t\t\t<\/div>\n\t\t","protected":false},"excerpt":{"rendered":"<p>Jurisprudencia Internacional IA y Mundo Digital (Estados Unidos) Descarga y obt\u00e9n en esta secci\u00f3n los documentos de la jurisprudencia relacionada con Estados Unidos de Am\u00e9rica. CORTE SUPREMA USA. GOOGLE LLC v. ORACLE AMERICA, en un fallo dividido (6 a favor y 2 en contra), la Corte Suprema de Estados Unidos de Norteam\u00e9rica sostuvo que el [&hellip;]<\/p>\n","protected":false},"author":1,"featured_media":0,"parent":0,"menu_order":0,"comment_status":"closed","ping_status":"closed","template":"","meta":{"footnotes":""},"class_list":["post-177","page","type-page","status-publish","hentry"],"_links":{"self":[{"href":"https:\/\/www.ceedia.org\/en\/wp-json\/wp\/v2\/pages\/177","targetHints":{"allow":["GET"]}}],"collection":[{"href":"https:\/\/www.ceedia.org\/en\/wp-json\/wp\/v2\/pages"}],"about":[{"href":"https:\/\/www.ceedia.org\/en\/wp-json\/wp\/v2\/types\/page"}],"author":[{"embeddable":true,"href":"https:\/\/www.ceedia.org\/en\/wp-json\/wp\/v2\/users\/1"}],"replies":[{"embeddable":true,"href":"https:\/\/www.ceedia.org\/en\/wp-json\/wp\/v2\/comments?post=177"}],"version-history":[{"count":29,"href":"https:\/\/www.ceedia.org\/en\/wp-json\/wp\/v2\/pages\/177\/revisions"}],"predecessor-version":[{"id":1138,"href":"https:\/\/www.ceedia.org\/en\/wp-json\/wp\/v2\/pages\/177\/revisions\/1138"}],"wp:attachment":[{"href":"https:\/\/www.ceedia.org\/en\/wp-json\/wp\/v2\/media?parent=177"}],"curies":[{"name":"wp","href":"https:\/\/api.w.org\/{rel}","templated":true}]}}